{"id":5,"date":"2023-01-03T16:06:24","date_gmt":"2023-01-03T15:06:24","guid":{"rendered":"http:\/\/padv.no\/?page_id=5"},"modified":"2023-01-03T16:06:24","modified_gmt":"2023-01-03T15:06:24","slug":"priser","status":"publish","type":"page","link":"http:\/\/padv.no\/index.php\/priser\/","title":{"rendered":"Priser"},"content":{"rendered":"\n<p>I henhold til Konkurransetilsynets forskrifter gis v\u00e5re klienter f\u00f8lgende orientering om v\u00e5rt grunnlag for honorarberegning:<\/p>\n\n\n\n<p>V\u00e5r honorarberegning vil i utgangspunktet \u2013 og i det vesentligste \u2013 v\u00e6re avhengig av tidsforbruket i den enkelte sak.<\/p>\n\n\n\n<p>Det ytes fri rettshjelp i sv\u00e6rt mange av de saksomr\u00e5der vi h\u00e5ndterer. For de saker der det ikke ytes fri rettshjelp gjelder f\u00f8lgende priser\/satser:<\/p>\n\n\n\n<p>V\u00e5r&nbsp;veiledende timepris&nbsp;ligger i omr\u00e5det kr. 1 500 til kr. 2 900 + mva avhengig av sakens art og kompleksitet. Vi forbeholder oss rett til i spesielle tilfelle \u00e5 kunne g\u00e5 s\u00e5vel under ovennevnte minstepris som over ovennevnte maksimalpris pr. time.<\/p>\n\n\n\n<p>Hvilken timepris som for det enkelte oppdrag kommer til anvendelse vil v\u00e6re avhengig av arbeidets art og vanskelighetsgrad, de verdier og interesser som saken gjelder, det resultat som oppn\u00e5s m.v.<\/p>\n\n\n\n<p>Den timesats som skal danne utgangspunkt for sal\u00e6rberegningen i saken, avtales ved inng\u00e5elsen av oppdraget. S\u00e6rskilte utlegg i anledning saken kommer i tillegg.<\/p>\n\n\n\n<p>Timeberegningen skjer med utgangspunkt i en minstebelastning p\u00e5 15 minutter ved hver arbeids\u00f8kt i saken.<\/p>\n\n\n\n<p>Vi presiserer at ingen oppdrag anses akseptert fra v\u00e5r side f\u00f8r dette er bekreftet skriftlig ved oppdragsbekreftelse.<\/p>\n","protected":false},"excerpt":{"rendered":"<p>I henhold til Konkurransetilsynets forskrifter gis v\u00e5re klienter f\u00f8lgende orientering om v\u00e5rt grunnlag for honorarberegning: V\u00e5r honorarberegning vil i utgangspunktet \u2013 og i det vesentligste \u2013 v\u00e6re avhengig av tidsforbruket i den enkelte sak. Det ytes fri rettshjelp i sv\u00e6rt mange av de saksomr\u00e5der vi h\u00e5ndterer. For de saker der det ikke ytes fri rettshjelp&hellip; <a class=\"more-link\" href=\"http:\/\/padv.no\/index.php\/priser\/\">Fortsett \u00e5 lese <span class=\"screen-reader-text\">Priser<\/span><\/a><\/p>\n","protected":false},"author":1,"featured_media":0,"parent":0,"menu_order":0,"comment_status":"closed","ping_status":"closed","template":"","meta":[],"_links":{"self":[{"href":"http:\/\/padv.no\/index.php\/wp-json\/wp\/v2\/pages\/5"}],"collection":[{"href":"http:\/\/padv.no\/index.php\/wp-json\/wp\/v2\/pages"}],"about":[{"href":"http:\/\/padv.no\/index.php\/wp-json\/wp\/v2\/types\/page"}],"author":[{"embeddable":true,"href":"http:\/\/padv.no\/index.php\/wp-json\/wp\/v2\/users\/1"}],"replies":[{"embeddable":true,"href":"http:\/\/padv.no\/index.php\/wp-json\/wp\/v2\/comments?post=5"}],"version-history":[{"count":1,"href":"http:\/\/padv.no\/index.php\/wp-json\/wp\/v2\/pages\/5\/revisions"}],"predecessor-version":[{"id":6,"href":"http:\/\/padv.no\/index.php\/wp-json\/wp\/v2\/pages\/5\/revisions\/6"}],"wp:attachment":[{"href":"http:\/\/padv.no\/index.php\/wp-json\/wp\/v2\/media?parent=5"}],"curies":[{"name":"wp","href":"https:\/\/api.w.org\/{rel}","templated":true}]}}